{"id":22,"date":"2013-02-21T15:01:44","date_gmt":"2013-02-21T13:01:44","guid":{"rendered":"https:\/\/www.entennest-muelheim.de\/?page_id=22"},"modified":"2014-05-27T16:32:33","modified_gmt":"2014-05-27T14:32:33","slug":"unser-treffpunkt","status":"publish","type":"page","link":"https:\/\/entennest-muelheim.de\/?page_id=22","title":{"rendered":"Unser Treffpunkt"},"content":{"rendered":"<p>Da unsere bisherige Stammkneipe leider nicht mehr existiert, wird es hier zuk\u00fcnftig Infos zu einem neuen festen Treffpunkt geben.<\/p>\n<p>Bis dahin hilft nur nachfragen. \ud83d\ude09<\/p>\n<p><del>Jeden dritten Mittwoch im Monat um 20:00 Uhr treffen wir uns in der Gastst\u00e4tte <i><b>&#8222;Prinze\u00df Luise Stuben&#8220;<\/b><\/i> in M\u00fclheim\/Broich.<\/del><br \/>\n<del> Jeder ist herzlich eingeladen zu einem unverbindlichen kennen lernen. In unserem Stammlokal kann man zu ausgesprochen g\u00fcnstigen Preisen essen und trinken.<\/del><\/p>\n<p><del><b>Gastst\u00e4tte Prinze\u00df Luise Stuben<br \/>\nPrinze\u00df-Luise-Stra\u00dfe 130<br \/>\n45479 M\u00fclheim<\/b><\/del><\/p>\n","protected":false},"excerpt":{"rendered":"<p>Da unsere bisherige Stammkneipe leider nicht mehr existiert, wird es hier zuk\u00fcnftig Infos zu einem neuen festen Treffpunkt geben. Bis dahin hilft nur nachfragen. \ud83d\ude09 Jeden dritten Mittwoch im Monat um 20:00 Uhr treffen wir uns in der Gastst\u00e4tte &#8222;Prinze\u00df Luise Stuben&#8220; in M\u00fclheim\/Broich. Jeder ist herzlich eingeladen zu einem unverbindlichen kennen lernen. In unserem &hellip; <a href=\"https:\/\/entennest-muelheim.de\/?page_id=22\" class=\"more-link\"><span class=\"screen-reader-text\">Unser Treffpunkt<\/span> weiterlesen <span class=\"meta-nav\">&rarr;<\/span><\/a><\/p>\n","protected":false},"author":2,"featured_media":0,"parent":0,"menu_order":40,"comment_status":"closed","ping_status":"closed","template":"","meta":{"ngg_post_thumbnail":0,"footnotes":""},"class_list":["post-22","page","type-page","status-publish","hentry"],"_links":{"self":[{"href":"https:\/\/entennest-muelheim.de\/index.php?rest_route=\/wp\/v2\/pages\/22","targetHints":{"allow":["GET"]}}],"collection":[{"href":"https:\/\/entennest-muelheim.de\/index.php?rest_route=\/wp\/v2\/pages"}],"about":[{"href":"https:\/\/entennest-muelheim.de\/index.php?rest_route=\/wp\/v2\/types\/page"}],"author":[{"embeddable":true,"href":"https:\/\/entennest-muelheim.de\/index.php?rest_route=\/wp\/v2\/users\/2"}],"replies":[{"embeddable":true,"href":"https:\/\/entennest-muelheim.de\/index.php?rest_route=%2Fwp%2Fv2%2Fcomments&post=22"}],"version-history":[{"count":0,"href":"https:\/\/entennest-muelheim.de\/index.php?rest_route=\/wp\/v2\/pages\/22\/revisions"}],"wp:attachment":[{"href":"https:\/\/entennest-muelheim.de\/index.php?rest_route=%2Fwp%2Fv2%2Fmedia&parent=22"}],"curies":[{"name":"wp","href":"https:\/\/api.w.org\/{rel}","templated":true}]}}